{"id":8873,"date":"2022-12-14T21:43:24","date_gmt":"2022-12-14T20:43:24","guid":{"rendered":"https:\/\/www.eurotexgeriatric.it\/shop\/?post_type=product&#038;p=8873"},"modified":"2025-02-03T11:58:11","modified_gmt":"2025-02-03T10:58:11","slug":"traversa-flamenco-impermeabile-bianco","status":"publish","type":"product","link":"https:\/\/www.eurotexgeriatric.it\/shop\/prodotto\/traverse\/traversa-flamenco-impermeabile-bianco\/","title":{"rendered":"Traversa flamenco impermeabile Bianco"},"content":{"rendered":"\t\t<div data-elementor-type=\"wp-post\" data-elementor-id=\"8873\" class=\"elementor elementor-8873\">\n\t\t\t\t\t\t<section class=\"wd-negative-gap elementor-section elementor-top-section elementor-element elementor-element-235c261 elementor-section-boxed elementor-section-height-default elementor-section-height-default\" data-id=\"235c261\" data-element_type=\"section\">\n\t\t\t\t\t\t<div class=\"elementor-container elementor-column-gap-default\">\n\t\t\t\t\t<div class=\"elementor-column elementor-col-50 elementor-top-column elementor-element elementor-element-7113d4b\" data-id=\"7113d4b\" data-element_type=\"column\">\n\t\t\t<div class=\"elementor-widget-wrap elementor-element-populated\">\n\t\t\t\t\t\t<div class=\"elementor-element elementor-element-54792bf elementor-widget elementor-widget-wd_text_block\" data-id=\"54792bf\" data-element_type=\"widget\" data-widget_type=\"wd_text_block.default\">\n\t\t\t\t<div class=\"elementor-widget-container\">\n\t\t\t\t\t\t\t<div class=\"wd-text-block reset-last-child text-left\">\n\t\t\t\n\t\t\t<p>Traversa impermeabile in soffice spugna accoppiata con P.V.C. con orli rifiniti con tagliacuce. Essendo impermeabile, offre una buona protezione al materasso.<\/p><p>Il materasso rimarr\u00e0 sempre pulito e fresco, ma soprattutto, grazie alla barriera di P.V.C. sar\u00e0 protetto da liquidi organici, consentendo lunga vita ai vostri materassi. Garantisce livelli di igiene pi\u00f9 elevati, essendo molto semplice da rimuovere e lavabile tutte le volte che si desidera, e una maggiore durata del materasso, proteggendolo dall\u2019usura. Isola inoltre il materasso da macchie e liquidi, mantenendolo sempre fresco e pulito. Non occorre stirarla.<\/p>\n\t\t\t\t\t<\/div>\n\t\t\t\t\t\t<\/div>\n\t\t\t\t<\/div>\n\t\t\t\t\t<\/div>\n\t\t<\/div>\n\t\t\t\t<div class=\"elementor-column elementor-col-50 elementor-top-column elementor-element elementor-element-1610764\" data-id=\"1610764\" data-element_type=\"column\">\n\t\t\t<div class=\"elementor-widget-wrap elementor-element-populated\">\n\t\t\t\t\t\t<div class=\"elementor-element elementor-element-d2a08ba wd-width-100 elementor-widget elementor-widget-wd_title\" data-id=\"d2a08ba\" data-element_type=\"widget\" data-widget_type=\"wd_title.default\">\n\t\t\t\t<div class=\"elementor-widget-container\">\n\t\t\t\t\t\t\t<div class=\"title-wrapper wd-set-mb reset-last-child wd-title-color-default wd-title-style-default wd-title-size-default text-left\">\n\n\t\t\t\n\t\t\t<div class=\"liner-continer\">\n\t\t\t\t<h4 class=\"woodmart-title-container title wd-fontsize-l\">SPECIFICHE TECNICHE<\/h4> \n\t\t\t\t\t\t\t<\/div>\n\n\t\t\t\t\t\t\t<div class=\"title-after_title reset-last-child wd-fontsize-xs\">\n\t\t\t\t\t<p><strong>Composizione: <\/strong>65% PVC - 20% Cotone - 15% Poliestere<strong><br \/>Misura:<\/strong> cm. 100x140<br \/><strong>Peso:<\/strong> 300 gr\/mq<br \/><strong>Colore:<\/strong> Bianco<\/p>\t\t\t\t<\/div>\n\t\t\t\t\t<\/div>\n\t\t\t\t\t\t<\/div>\n\t\t\t\t<\/div>\n\t\t\t\t<div class=\"elementor-element elementor-element-d5b664c wd-width-100 elementor-widget elementor-widget-wd_title\" data-id=\"d5b664c\" data-element_type=\"widget\" data-widget_type=\"wd_title.default\">\n\t\t\t\t<div class=\"elementor-widget-container\">\n\t\t\t\t\t\t\t<div class=\"title-wrapper wd-set-mb reset-last-child wd-title-color-default wd-title-style-default wd-title-size-default text-left\">\n\n\t\t\t\n\t\t\t<div class=\"liner-continer\">\n\t\t\t\t<h4 class=\"woodmart-title-container title wd-fontsize-l\">NORME DI LAVAGGIO<\/h4> \n\t\t\t\t\t\t\t<\/div>\n\n\t\t\t\t\t<\/div>\n\t\t\t\t\t\t<\/div>\n\t\t\t\t<\/div>\n\t\t\t\t<div class=\"elementor-element elementor-element-f5753ce washOK elementor-widget elementor-widget-wd_text_block\" data-id=\"f5753ce\" data-element_type=\"widget\" data-widget_type=\"wd_text_block.default\">\n\t\t\t\t<div class=\"elementor-widget-container\">\n\t\t\t\t\t\t\t<div class=\"wd-text-block reset-last-child text-left\">\n\t\t\t\n\t\t\t<p>xHVCK<\/p>\n\t\t\t\t\t<\/div>\n\t\t\t\t\t\t<\/div>\n\t\t\t\t<\/div>\n\t\t\t\t\t<\/div>\n\t\t<\/div>\n\t\t\t\t\t<\/div>\n\t\t<\/section>\n\t\t\t\t<\/div>\n\t\t","protected":false},"excerpt":{"rendered":"<p>Traversa in soffice spugna accoppiata con PVC che la rende impermeabile<\/p>\n<p>Misure: cm 100&#215;140<\/p>\n[html_block id=\"8479\"]\n","protected":false},"featured_media":9197,"template":"","meta":[],"product_brand":[],"product_cat":[114],"product_tag":[],"class_list":{"0":"post-8873","1":"product","2":"type-product","3":"status-publish","4":"has-post-thumbnail","6":"product_cat-traverse","8":"first","9":"instock","10":"taxable","11":"shipping-taxable","12":"purchasable","13":"product-type-simple"},"yoast_head":"<!-- This site is optimized with the Yoast SEO plugin v26.7 - https:\/\/yoast.com\/wordpress\/plugins\/seo\/ -->\n<title>Traversa flamenco impermeabile Bianco - Shop Eurotex Geriatric<\/title>\n<meta name=\"robots\" content=\"index, follow, max-snippet:-1, max-image-preview:large, max-video-preview:-1\" \/>\n<link rel=\"canonical\" href=\"https:\/\/www.eurotexgeriatric.it\/shop\/prodotto\/traverse\/traversa-flamenco-impermeabile-bianco\/\" \/>\n<meta property=\"og:locale\" content=\"it_IT\" \/>\n<meta property=\"og:type\" content=\"article\" \/>\n<meta property=\"og:title\" content=\"Traversa flamenco impermeabile Bianco - Shop Eurotex Geriatric\" \/>\n<meta property=\"og:description\" content=\"Traversa in soffice spugna accoppiata con PVC che la rende impermeabile  Misure: cm 100x140\" \/>\n<meta property=\"og:url\" content=\"https:\/\/www.eurotexgeriatric.it\/shop\/prodotto\/traverse\/traversa-flamenco-impermeabile-bianco\/\" \/>\n<meta property=\"og:site_name\" content=\"Shop Eurotex Geriatric\" \/>\n<meta property=\"article:modified_time\" content=\"2025-02-03T10:58:11+00:00\" \/>\n<meta property=\"og:image\" content=\"https:\/\/www.eurotexgeriatric.it\/shop\/wp-content\/uploads\/2022\/12\/Traversa_impermeabile_flamenco.webp\" \/>\n\t<meta property=\"og:image:width\" content=\"1000\" \/>\n\t<meta property=\"og:image:height\" content=\"1000\" \/>\n\t<meta property=\"og:image:type\" content=\"image\/webp\" \/>\n<meta name=\"twitter:card\" content=\"summary_large_image\" \/>\n<meta name=\"twitter:label1\" content=\"Tempo di lettura stimato\" \/>\n\t<meta name=\"twitter:data1\" content=\"1 minuto\" \/>\n<script type=\"application\/ld+json\" class=\"yoast-schema-graph\">{\"@context\":\"https:\/\/schema.org\",\"@graph\":[{\"@type\":\"WebPage\",\"@id\":\"https:\/\/www.eurotexgeriatric.it\/shop\/prodotto\/traverse\/traversa-flamenco-impermeabile-bianco\/\",\"url\":\"https:\/\/www.eurotexgeriatric.it\/shop\/prodotto\/traverse\/traversa-flamenco-impermeabile-bianco\/\",\"name\":\"Traversa flamenco impermeabile Bianco - Shop Eurotex Geriatric\",\"isPartOf\":{\"@id\":\"https:\/\/www.eurotexgeriatric.it\/shop\/#website\"},\"primaryImageOfPage\":{\"@id\":\"https:\/\/www.eurotexgeriatric.it\/shop\/prodotto\/traverse\/traversa-flamenco-impermeabile-bianco\/#primaryimage\"},\"image\":{\"@id\":\"https:\/\/www.eurotexgeriatric.it\/shop\/prodotto\/traverse\/traversa-flamenco-impermeabile-bianco\/#primaryimage\"},\"thumbnailUrl\":\"https:\/\/www.eurotexgeriatric.it\/shop\/wp-content\/uploads\/2022\/12\/Traversa_impermeabile_flamenco.webp\",\"datePublished\":\"2022-12-14T20:43:24+00:00\",\"dateModified\":\"2025-02-03T10:58:11+00:00\",\"breadcrumb\":{\"@id\":\"https:\/\/www.eurotexgeriatric.it\/shop\/prodotto\/traverse\/traversa-flamenco-impermeabile-bianco\/#breadcrumb\"},\"inLanguage\":\"it-IT\",\"potentialAction\":[{\"@type\":\"ReadAction\",\"target\":[\"https:\/\/www.eurotexgeriatric.it\/shop\/prodotto\/traverse\/traversa-flamenco-impermeabile-bianco\/\"]}]},{\"@type\":\"ImageObject\",\"inLanguage\":\"it-IT\",\"@id\":\"https:\/\/www.eurotexgeriatric.it\/shop\/prodotto\/traverse\/traversa-flamenco-impermeabile-bianco\/#primaryimage\",\"url\":\"https:\/\/www.eurotexgeriatric.it\/shop\/wp-content\/uploads\/2022\/12\/Traversa_impermeabile_flamenco.webp\",\"contentUrl\":\"https:\/\/www.eurotexgeriatric.it\/shop\/wp-content\/uploads\/2022\/12\/Traversa_impermeabile_flamenco.webp\",\"width\":1000,\"height\":1000},{\"@type\":\"BreadcrumbList\",\"@id\":\"https:\/\/www.eurotexgeriatric.it\/shop\/prodotto\/traverse\/traversa-flamenco-impermeabile-bianco\/#breadcrumb\",\"itemListElement\":[{\"@type\":\"ListItem\",\"position\":1,\"name\":\"Home\",\"item\":\"https:\/\/www.eurotexgeriatric.it\/shop\/\"},{\"@type\":\"ListItem\",\"position\":2,\"name\":\"Prodotti\",\"item\":\"https:\/\/www.eurotexgeriatric.it\/shop\/prodotti\/\"},{\"@type\":\"ListItem\",\"position\":3,\"name\":\"Traversa flamenco impermeabile Bianco\"}]},{\"@type\":\"WebSite\",\"@id\":\"https:\/\/www.eurotexgeriatric.it\/shop\/#website\",\"url\":\"https:\/\/www.eurotexgeriatric.it\/shop\/\",\"name\":\"Shop Eurotex Geriatric\",\"description\":\"\",\"potentialAction\":[{\"@type\":\"SearchAction\",\"target\":{\"@type\":\"EntryPoint\",\"urlTemplate\":\"https:\/\/www.eurotexgeriatric.it\/shop\/?s={search_term_string}\"},\"query-input\":{\"@type\":\"PropertyValueSpecification\",\"valueRequired\":true,\"valueName\":\"search_term_string\"}}],\"inLanguage\":\"it-IT\"}]}<\/script>\n<!-- \/ Yoast SEO plugin. -->","yoast_head_json":{"title":"Traversa flamenco impermeabile Bianco - Shop Eurotex Geriatric","robots":{"index":"index","follow":"follow","max-snippet":"max-snippet:-1","max-image-preview":"max-image-preview:large","max-video-preview":"max-video-preview:-1"},"canonical":"https:\/\/www.eurotexgeriatric.it\/shop\/prodotto\/traverse\/traversa-flamenco-impermeabile-bianco\/","og_locale":"it_IT","og_type":"article","og_title":"Traversa flamenco impermeabile Bianco - Shop Eurotex Geriatric","og_description":"Traversa in soffice spugna accoppiata con PVC che la rende impermeabile  Misure: cm 100x140","og_url":"https:\/\/www.eurotexgeriatric.it\/shop\/prodotto\/traverse\/traversa-flamenco-impermeabile-bianco\/","og_site_name":"Shop Eurotex Geriatric","article_modified_time":"2025-02-03T10:58:11+00:00","og_image":[{"width":1000,"height":1000,"url":"https:\/\/www.eurotexgeriatric.it\/shop\/wp-content\/uploads\/2022\/12\/Traversa_impermeabile_flamenco.webp","type":"image\/webp"}],"twitter_card":"summary_large_image","twitter_misc":{"Tempo di lettura stimato":"1 minuto"},"schema":{"@context":"https:\/\/schema.org","@graph":[{"@type":"WebPage","@id":"https:\/\/www.eurotexgeriatric.it\/shop\/prodotto\/traverse\/traversa-flamenco-impermeabile-bianco\/","url":"https:\/\/www.eurotexgeriatric.it\/shop\/prodotto\/traverse\/traversa-flamenco-impermeabile-bianco\/","name":"Traversa flamenco impermeabile Bianco - Shop Eurotex Geriatric","isPartOf":{"@id":"https:\/\/www.eurotexgeriatric.it\/shop\/#website"},"primaryImageOfPage":{"@id":"https:\/\/www.eurotexgeriatric.it\/shop\/prodotto\/traverse\/traversa-flamenco-impermeabile-bianco\/#primaryimage"},"image":{"@id":"https:\/\/www.eurotexgeriatric.it\/shop\/prodotto\/traverse\/traversa-flamenco-impermeabile-bianco\/#primaryimage"},"thumbnailUrl":"https:\/\/www.eurotexgeriatric.it\/shop\/wp-content\/uploads\/2022\/12\/Traversa_impermeabile_flamenco.webp","datePublished":"2022-12-14T20:43:24+00:00","dateModified":"2025-02-03T10:58:11+00:00","breadcrumb":{"@id":"https:\/\/www.eurotexgeriatric.it\/shop\/prodotto\/traverse\/traversa-flamenco-impermeabile-bianco\/#breadcrumb"},"inLanguage":"it-IT","potentialAction":[{"@type":"ReadAction","target":["https:\/\/www.eurotexgeriatric.it\/shop\/prodotto\/traverse\/traversa-flamenco-impermeabile-bianco\/"]}]},{"@type":"ImageObject","inLanguage":"it-IT","@id":"https:\/\/www.eurotexgeriatric.it\/shop\/prodotto\/traverse\/traversa-flamenco-impermeabile-bianco\/#primaryimage","url":"https:\/\/www.eurotexgeriatric.it\/shop\/wp-content\/uploads\/2022\/12\/Traversa_impermeabile_flamenco.webp","contentUrl":"https:\/\/www.eurotexgeriatric.it\/shop\/wp-content\/uploads\/2022\/12\/Traversa_impermeabile_flamenco.webp","width":1000,"height":1000},{"@type":"BreadcrumbList","@id":"https:\/\/www.eurotexgeriatric.it\/shop\/prodotto\/traverse\/traversa-flamenco-impermeabile-bianco\/#breadcrumb","itemListElement":[{"@type":"ListItem","position":1,"name":"Home","item":"https:\/\/www.eurotexgeriatric.it\/shop\/"},{"@type":"ListItem","position":2,"name":"Prodotti","item":"https:\/\/www.eurotexgeriatric.it\/shop\/prodotti\/"},{"@type":"ListItem","position":3,"name":"Traversa flamenco impermeabile Bianco"}]},{"@type":"WebSite","@id":"https:\/\/www.eurotexgeriatric.it\/shop\/#website","url":"https:\/\/www.eurotexgeriatric.it\/shop\/","name":"Shop Eurotex Geriatric","description":"","potentialAction":[{"@type":"SearchAction","target":{"@type":"EntryPoint","urlTemplate":"https:\/\/www.eurotexgeriatric.it\/shop\/?s={search_term_string}"},"query-input":{"@type":"PropertyValueSpecification","valueRequired":true,"valueName":"search_term_string"}}],"inLanguage":"it-IT"}]}},"_links":{"self":[{"href":"https:\/\/www.eurotexgeriatric.it\/shop\/wp-json\/wp\/v2\/product\/8873","targetHints":{"allow":["GET"]}}],"collection":[{"href":"https:\/\/www.eurotexgeriatric.it\/shop\/wp-json\/wp\/v2\/product"}],"about":[{"href":"https:\/\/www.eurotexgeriatric.it\/shop\/wp-json\/wp\/v2\/types\/product"}],"version-history":[{"count":2,"href":"https:\/\/www.eurotexgeriatric.it\/shop\/wp-json\/wp\/v2\/product\/8873\/revisions"}],"predecessor-version":[{"id":10454,"href":"https:\/\/www.eurotexgeriatric.it\/shop\/wp-json\/wp\/v2\/product\/8873\/revisions\/10454"}],"wp:featuredmedia":[{"embeddable":true,"href":"https:\/\/www.eurotexgeriatric.it\/shop\/wp-json\/wp\/v2\/media\/9197"}],"wp:attachment":[{"href":"https:\/\/www.eurotexgeriatric.it\/shop\/wp-json\/wp\/v2\/media?parent=8873"}],"wp:term":[{"taxonomy":"product_brand","embeddable":true,"href":"https:\/\/www.eurotexgeriatric.it\/shop\/wp-json\/wp\/v2\/product_brand?post=8873"},{"taxonomy":"product_cat","embeddable":true,"href":"https:\/\/www.eurotexgeriatric.it\/shop\/wp-json\/wp\/v2\/product_cat?post=8873"},{"taxonomy":"product_tag","embeddable":true,"href":"https:\/\/www.eurotexgeriatric.it\/shop\/wp-json\/wp\/v2\/product_tag?post=8873"}],"curies":[{"name":"wp","href":"https:\/\/api.w.org\/{rel}","templated":true}]}}